{"id":332,"date":"2024-12-04T13:16:51","date_gmt":"2024-12-04T12:16:51","guid":{"rendered":"http:\/\/www.eveilceramique.fr\/?page_id=332"},"modified":"2025-11-21T11:38:33","modified_gmt":"2025-11-21T10:38:33","slug":"le-marche","status":"publish","type":"page","link":"http:\/\/www.eveilceramique.fr\/index.php\/le-marche\/","title":{"rendered":"Le March\u00e9"},"content":{"rendered":"\n<p class=\"has-large-font-size\" style=\"font-style:normal;font-weight:300;letter-spacing:2px\"><strong>Le March\u00e9 \/\/ \u2028<\/strong><br><br><strong>\u00c9veil C\u00e9ramique, march\u00e9 de potiers \u00e0 Corseul\u2028<\/strong><br><br><strong>13 &amp; 14 Juin 2026<\/strong><\/p>\n\n\n\n<div style=\"height:80px\" aria-hidden=\"true\" class=\"wp-block-spacer\"><\/div>\n\n\n\n<div class=\"wp-block-media-text is-stacked-on-mobile\" style=\"grid-template-columns:35% auto\"><figure class=\"wp-block-media-text__media\"><img loading=\"lazy\" decoding=\"async\" width=\"819\" height=\"1024\" src=\"http:\/\/www.eveilceramique.fr\/wp-content\/uploads\/2025\/05\/74-819x1024.png\" alt=\"\" class=\"wp-image-489 size-full\" srcset=\"http:\/\/www.eveilceramique.fr\/wp-content\/uploads\/2025\/05\/74-819x1024.png 819w, http:\/\/www.eveilceramique.fr\/wp-content\/uploads\/2025\/05\/74-240x300.png 240w, http:\/\/www.eveilceramique.fr\/wp-content\/uploads\/2025\/05\/74-120x150.png 120w, http:\/\/www.eveilceramique.fr\/wp-content\/uploads\/2025\/05\/74-768x960.png 768w, http:\/\/www.eveilceramique.fr\/wp-content\/uploads\/2025\/05\/74.png 1080w\" sizes=\"auto, (max-width: 819px) 100vw, 819px\" \/><\/figure><div class=\"wp-block-media-text__content\">\n<p class=\"has-medium-font-size\" style=\"letter-spacing:2px\">\u00c0 l\u2019occasion des <em>Journ\u00e9es Europ\u00e9ennes de l\u2019Arch\u00e9ologie<\/em> et en partenariat avec l\u2019Arch\u00e9oMus\u00e9e Coriosolis, <br><strong>23 c\u00e9ramistes<\/strong> aux univers remarquables d\u00e9ploient leurs stands et leurs savoir-faire \u00e0 Corseul, une commune charg\u00e9e d&rsquo;histoire.<\/p>\n\n\n\n<p class=\"has-medium-font-size\" style=\"letter-spacing:2px\">Cet \u00ab\u00a0<strong>\u00c9veil C\u00e9ramique<\/strong>\u00a0\u00bb est organis\u00e9 par l&rsquo;association Argile Bretagne. <br><br>Imagin\u00e9e pour favoriser la rencontre du public avec les c\u00e9ramistes, c&rsquo;est une f\u00eate qui se veut avant tout conviviale pour c\u00e9l\u00e9brer ensemble la mati\u00e8re terre et l&rsquo;imagination cr\u00e9atrice.<\/p>\n<\/div><\/div>\n\n\n\n<div class=\"wp-block-media-text is-stacked-on-mobile\" style=\"grid-template-columns:35% auto\"><figure class=\"wp-block-media-text__media\"><img loading=\"lazy\" decoding=\"async\" width=\"819\" height=\"1024\" src=\"http:\/\/www.eveilceramique.fr\/wp-content\/uploads\/2025\/05\/75-819x1024.png\" alt=\"\" class=\"wp-image-490 size-full\" srcset=\"http:\/\/www.eveilceramique.fr\/wp-content\/uploads\/2025\/05\/75-819x1024.png 819w, http:\/\/www.eveilceramique.fr\/wp-content\/uploads\/2025\/05\/75-240x300.png 240w, http:\/\/www.eveilceramique.fr\/wp-content\/uploads\/2025\/05\/75-120x150.png 120w, http:\/\/www.eveilceramique.fr\/wp-content\/uploads\/2025\/05\/75-768x960.png 768w, http:\/\/www.eveilceramique.fr\/wp-content\/uploads\/2025\/05\/75.png 1080w\" sizes=\"auto, (max-width: 819px) 100vw, 819px\" \/><\/figure><div class=\"wp-block-media-text__content\">\n<p class=\"has-medium-font-size\" style=\"letter-spacing:2px\">Sur le march\u00e9 de potiers, il est possible d&rsquo;acqu\u00e9rir des objets uniques aux d\u00e9cors inspir\u00e9s et de la belle vaisselle pour habiller le quotidien. <br><br>Chaque artisan propose son propre univers c\u00e9ramique alliant techniques ancestrales et graphismes r\u00e9invent\u00e9s. Gr\u00e8s utilitaires, porcelaines d\u00e9licates, bijoux color\u00e9s, d\u00e9corations de jardin ou instruments de musique, une multitude de formes et d&rsquo;usages sont pr\u00e9sent\u00e9s. <br><br>Qu&rsquo;il soit fa\u00e7onn\u00e9 au tour, coul\u00e9, model\u00e9, sculpt\u00e9, chaque objet retient l&rsquo;attention, il questionne le plein et le vide, entre recherche formelle et esth\u00e9tique intemporelle.<\/p>\n<\/div><\/div>\n\n\n\n<div class=\"wp-block-media-text is-stacked-on-mobile\" style=\"grid-template-columns:35% auto\"><figure class=\"wp-block-media-text__media\"><img loading=\"lazy\" decoding=\"async\" width=\"819\" height=\"1024\" src=\"http:\/\/www.eveilceramique.fr\/wp-content\/uploads\/2025\/05\/76-819x1024.png\" alt=\"\" class=\"wp-image-491 size-full\" srcset=\"http:\/\/www.eveilceramique.fr\/wp-content\/uploads\/2025\/05\/76-819x1024.png 819w, http:\/\/www.eveilceramique.fr\/wp-content\/uploads\/2025\/05\/76-240x300.png 240w, http:\/\/www.eveilceramique.fr\/wp-content\/uploads\/2025\/05\/76-120x150.png 120w, http:\/\/www.eveilceramique.fr\/wp-content\/uploads\/2025\/05\/76-768x960.png 768w, http:\/\/www.eveilceramique.fr\/wp-content\/uploads\/2025\/05\/76.png 1080w\" sizes=\"auto, (max-width: 819px) 100vw, 819px\" \/><\/figure><div class=\"wp-block-media-text__content\">\n<p class=\"has-medium-font-size\" style=\"letter-spacing:2px\">En marge du march\u00e9, pour sensibiliser \u00e0 la mati\u00e8re terre et \u00e0 la repr\u00e9sentation en 3 dimensions, trois animations gratuites se d\u00e9roulent tout le long du week-end&nbsp;: des <strong>d\u00e9monstrations de tournage<\/strong>, une <strong>\u0153uvre collective \u00e9ph\u00e9m\u00e8re<\/strong> en terre crue et un <strong>concours de modelage amateur<\/strong>.&nbsp;<\/p>\n\n\n\n<p class=\"has-medium-font-size\" style=\"letter-spacing:2px\">De nombreux prix sont \u00e0 gagner, notamment \u00e0 travers la vente de tickets de tombola.<\/p>\n<\/div><\/div>\n","protected":false},"excerpt":{"rendered":"<p>Le March\u00e9 \/\/ \u2028 \u00c9veil C\u00e9ramique, march\u00e9 de potiers \u00e0 Corseul\u2028 13 &amp; 14 Juin 2026 \u00c0 l\u2019occasion des Journ\u00e9es Europ\u00e9ennes de l\u2019Arch\u00e9ologie et en partenariat avec l\u2019Arch\u00e9oMus\u00e9e Coriosolis, 23 c\u00e9ramistes aux univers remarquables d\u00e9ploient leurs stands et leurs savoir-faire \u00e0 Corseul, une commune charg\u00e9e d&rsquo;histoire. Cet \u00ab\u00a0\u00c9veil C\u00e9ramique\u00a0\u00bb est organis\u00e9 par l&rsquo;association Argile Bretagne. Imagin\u00e9e pour favoriser la rencontre du public avec les c\u00e9ramistes, c&rsquo;est une f\u00eate qui se veut avant tout conviviale pour c\u00e9l\u00e9brer ensemble la mati\u00e8re terre et l&rsquo;imagination cr\u00e9atrice. Sur le march\u00e9 de potiers, il est possible d&rsquo;acqu\u00e9rir des objets uniques aux d\u00e9cors inspir\u00e9s et de la belle vaisselle pour habiller le quotidien. Chaque artisan propose son propre univers c\u00e9ramique alliant techniques ancestrales et graphismes r\u00e9invent\u00e9s. Gr\u00e8s utilitaires, porcelaines d\u00e9licates, bijoux color\u00e9s, d\u00e9corations de jardin ou instruments de musique, une multitude de formes et d&rsquo;usages sont pr\u00e9sent\u00e9s. Qu&rsquo;il soit fa\u00e7onn\u00e9 au tour, coul\u00e9, model\u00e9, sculpt\u00e9, chaque objet retient l&rsquo;attention, il questionne le plein et le vide, entre recherche formelle et esth\u00e9tique intemporelle. En marge du march\u00e9, pour sensibiliser \u00e0 la mati\u00e8re terre et \u00e0 la repr\u00e9sentation en 3 dimensions, trois animations gratuites se d\u00e9roulent tout le long du week-end&nbsp;: des d\u00e9monstrations de tournage, une \u0153uvre collective \u00e9ph\u00e9m\u00e8re en terre crue et un concours de modelage amateur.&nbsp; De nombreux prix sont \u00e0 gagner, notamment \u00e0 travers la vente de tickets de tombola.<\/p>\n","protected":false},"author":3,"featured_media":0,"parent":0,"menu_order":0,"comment_status":"closed","ping_status":"closed","template":"","meta":{"footnotes":""},"class_list":["post-332","page","type-page","status-publish","hentry"],"_links":{"self":[{"href":"http:\/\/www.eveilceramique.fr\/index.php\/wp-json\/wp\/v2\/pages\/332","targetHints":{"allow":["GET"]}}],"collection":[{"href":"http:\/\/www.eveilceramique.fr\/index.php\/wp-json\/wp\/v2\/pages"}],"about":[{"href":"http:\/\/www.eveilceramique.fr\/index.php\/wp-json\/wp\/v2\/types\/page"}],"author":[{"embeddable":true,"href":"http:\/\/www.eveilceramique.fr\/index.php\/wp-json\/wp\/v2\/users\/3"}],"replies":[{"embeddable":true,"href":"http:\/\/www.eveilceramique.fr\/index.php\/wp-json\/wp\/v2\/comments?post=332"}],"version-history":[{"count":16,"href":"http:\/\/www.eveilceramique.fr\/index.php\/wp-json\/wp\/v2\/pages\/332\/revisions"}],"predecessor-version":[{"id":536,"href":"http:\/\/www.eveilceramique.fr\/index.php\/wp-json\/wp\/v2\/pages\/332\/revisions\/536"}],"wp:attachment":[{"href":"http:\/\/www.eveilceramique.fr\/index.php\/wp-json\/wp\/v2\/media?parent=332"}],"curies":[{"name":"wp","href":"https:\/\/api.w.org\/{rel}","templated":true}]}}