{"id":23,"date":"2024-03-22T13:43:28","date_gmt":"2024-03-22T12:43:28","guid":{"rendered":"http:\/\/www.eveilceramique.fr\/?page_id=23"},"modified":"2025-05-25T12:23:15","modified_gmt":"2025-05-25T10:23:15","slug":"edition-2024","status":"publish","type":"page","link":"http:\/\/www.eveilceramique.fr\/index.php\/edition-2024\/","title":{"rendered":"2024 &#8211; 2\u00e8me \u00e9dition"},"content":{"rendered":"\n<p class=\"has-large-font-size\" style=\"letter-spacing:2px\"><strong>Historique &#8211; 2024 \/\/ \u2028<br><br>\u00c9veil C\u00e9ramique &#8211; 2\u00e8me \u00e9dition<br><br>15 &amp; 16 Juin 2024<\/strong><\/p>\n\n\n\n<div style=\"height:80px\" aria-hidden=\"true\" class=\"wp-block-spacer\"><\/div>\n\n\n<div class=\"wp-block-image\">\n<figure class=\"aligncenter size-large is-resized\"><img loading=\"lazy\" decoding=\"async\" width=\"713\" height=\"1024\" src=\"http:\/\/www.eveilceramique.fr\/wp-content\/uploads\/2024\/03\/affiche-2024-22-03-2024-001WEB-713x1024.jpg\" alt=\"\" class=\"wp-image-71\" style=\"width:354px;height:auto\" srcset=\"http:\/\/www.eveilceramique.fr\/wp-content\/uploads\/2024\/03\/affiche-2024-22-03-2024-001WEB-713x1024.jpg 713w, http:\/\/www.eveilceramique.fr\/wp-content\/uploads\/2024\/03\/affiche-2024-22-03-2024-001WEB-209x300.jpg 209w, http:\/\/www.eveilceramique.fr\/wp-content\/uploads\/2024\/03\/affiche-2024-22-03-2024-001WEB-768x1104.jpg 768w, http:\/\/www.eveilceramique.fr\/wp-content\/uploads\/2024\/03\/affiche-2024-22-03-2024-001WEB.jpg 1000w\" sizes=\"auto, (max-width: 713px) 100vw, 713px\" \/><\/figure>\n<\/div>\n\n\n<p class=\"has-medium-font-size\" style=\"letter-spacing:2px\"><br><br>L\u2019\u00e9dition 2024 s\u2019est achev\u00e9e il y a d\u00e9j\u00e0 plusieurs mois, mais avant de vous pr\u00e9senter les nouveaut\u00e9s de 2025, revenons sur les temps forts de cette belle ann\u00e9e !<\/p>\n\n\n\n<p class=\"has-medium-font-size\" style=\"letter-spacing:2px\"><br><strong>Retour sur le march\u00e9<\/strong><br>Les 15 et 16 juin 2024, Corseul a accueilli la seconde \u00e9dition de son march\u00e9 de potiers, organis\u00e9e en partenariat avec l\u2019Arch\u00e9oMus\u00e9e Coriosolis et dans le cadre des Journ\u00e9es Europ\u00e9ennes de l\u2019Arch\u00e9ologie. Cet \u00e9v\u00e9nement a rassembl\u00e9 23 c\u00e9ramistes, venus partager leur savoir-faire dans cette commune charg\u00e9e d\u2019histoire.<br>Malgr\u00e9 une m\u00e9t\u00e9o un peu incertaine, les visiteurs sont venus nombreux pour d\u00e9couvrir, \u00e9changer et s\u2019initier \u00e0 l\u2019univers de la c\u00e9ramique.<br>Ce march\u00e9 a permis de mettre en lumi\u00e8re le talent des artisans et de c\u00e9l\u00e9brer le patrimoine de Corseul dans une ambiance conviviale et enrichissante.<\/p>\n\n\n\n<p class=\"has-medium-font-size\" style=\"letter-spacing:2px\"><\/p>\n\n\n\n<p class=\"has-medium-font-size\" style=\"letter-spacing:2px\"><br><strong>D\u00e9monstations de tournage<\/strong><br>Les animations gratuites ont \u00e9t\u00e9 l\u2019un des points forts de notre march\u00e9 !&nbsp;<br>Tout au long du week-end, Sandra et Corentin ont partag\u00e9 leur savoir-faire en fa\u00e7onnant des pi\u00e8ces au tour, un art demandant pr\u00e9cision et ma\u00eetrise des gestes.<br>Les visiteurs, fascin\u00e9s par la transformation de la terre sous leurs doigts, ont pu assister \u00e0 ces d\u00e9monstrations \u00e0 plusieurs reprises chaque jour, d\u00e9couvrant ainsi les secrets de cet art ancestral.<br><\/p>\n\n\n\n<p class=\"has-medium-font-size\" style=\"letter-spacing:2px\"><br><strong>\u0152uvre collective<\/strong><br>En parall\u00e8le des d\u00e9monstatrions de tournage, Corentin a dirig\u00e9 la cr\u00e9ation d\u2019une \u0153uvre collective \u00e9ph\u00e9m\u00e8re : un cirque antique en terre cuite engob\u00e9e de 4 m\u00e8tres de large, surnomm\u00e9 \u00ab\u00a0Circus Maximus.\u00a0\u00bb<br>Durant les deux journ\u00e9es, les visiteurs ont ajout\u00e9 des personnages et d\u00e9cors en argile, transformant l\u2019\u0153uvre au fil du week-end et remportant des lots en guise de remerciement pour leur contribution.<br><\/p>\n\n\n\n<p class=\"has-medium-font-size\" style=\"letter-spacing:2px\"><br><strong>Concours de modelage<\/strong><br>Le concours de modelage amateur anim\u00e9 par Sabine, qui s&rsquo;est d\u00e9roul\u00e9 \u00e0 l\u2019int\u00e9rieur de la salle des sports de Corseul, a invit\u00e9 les participants \u00e0 r\u00e9aliser en 4 heures une cr\u00e9ation en argile sur le th\u00e8me des Jeux Olympiques sous l&rsquo;Antiquit\u00e9.<br>Les concurrents disposaient chacun de 5 kg d\u2019argile pour donner vie \u00e0 leur vision des jeux antiques.<br>D\u00e9butants comme passionn\u00e9s ont eu l\u2019occasion de s\u2019amuser et de relever ce d\u00e9fi, et de nombreux prix ont r\u00e9compens\u00e9 leurs efforts cr\u00e9atifs.<br><br><\/p>\n\n\n\n<div class=\"wp-block-group is-nowrap is-layout-flex wp-container-core-group-is-layout-ad2f72ca wp-block-group-is-layout-flex\"><\/div>\n\n\n\n<figure class=\"wp-block-gallery has-nested-images columns-default is-cropped wp-block-gallery-1 is-layout-flex wp-block-gallery-is-layout-flex\">\n<figure class=\"wp-block-image size-large\"><img loading=\"lazy\" decoding=\"async\" width=\"1024\" height=\"1024\" data-id=\"216\" src=\"http:\/\/www.eveilceramique.fr\/wp-content\/uploads\/2024\/11\/P1190116-1-1024x1024.jpg\" alt=\"\" class=\"wp-image-216\" srcset=\"http:\/\/www.eveilceramique.fr\/wp-content\/uploads\/2024\/11\/P1190116-1-1024x1024.jpg 1024w, http:\/\/www.eveilceramique.fr\/wp-content\/uploads\/2024\/11\/P1190116-1-300x300.jpg 300w, http:\/\/www.eveilceramique.fr\/wp-content\/uploads\/2024\/11\/P1190116-1-150x150.jpg 150w, http:\/\/www.eveilceramique.fr\/wp-content\/uploads\/2024\/11\/P1190116-1-768x768.jpg 768w, http:\/\/www.eveilceramique.fr\/wp-content\/uploads\/2024\/11\/P1190116-1-1536x1536.jpg 1536w, http:\/\/www.eveilceramique.fr\/wp-content\/uploads\/2024\/11\/P1190116-1-2048x2048.jpg 2048w, http:\/\/www.eveilceramique.fr\/wp-content\/uploads\/2024\/11\/P1190116-1-1140x1140.jpg 1140w, http:\/\/www.eveilceramique.fr\/wp-content\/uploads\/2024\/11\/P1190116-1-75x75.jpg 75w\" sizes=\"auto, (max-width: 1024px) 100vw, 1024px\" \/><\/figure>\n\n\n\n<figure class=\"wp-block-image size-large\"><img loading=\"lazy\" decoding=\"async\" width=\"1024\" height=\"1024\" data-id=\"219\" src=\"http:\/\/www.eveilceramique.fr\/wp-content\/uploads\/2024\/11\/P1190271-1024x1024.jpg\" alt=\"\" class=\"wp-image-219\" srcset=\"http:\/\/www.eveilceramique.fr\/wp-content\/uploads\/2024\/11\/P1190271-1024x1024.jpg 1024w, http:\/\/www.eveilceramique.fr\/wp-content\/uploads\/2024\/11\/P1190271-300x300.jpg 300w, http:\/\/www.eveilceramique.fr\/wp-content\/uploads\/2024\/11\/P1190271-150x150.jpg 150w, http:\/\/www.eveilceramique.fr\/wp-content\/uploads\/2024\/11\/P1190271-768x768.jpg 768w, http:\/\/www.eveilceramique.fr\/wp-content\/uploads\/2024\/11\/P1190271-1536x1536.jpg 1536w, http:\/\/www.eveilceramique.fr\/wp-content\/uploads\/2024\/11\/P1190271-2048x2048.jpg 2048w, http:\/\/www.eveilceramique.fr\/wp-content\/uploads\/2024\/11\/P1190271-1140x1140.jpg 1140w, http:\/\/www.eveilceramique.fr\/wp-content\/uploads\/2024\/11\/P1190271-75x75.jpg 75w\" sizes=\"auto, (max-width: 1024px) 100vw, 1024px\" \/><\/figure>\n\n\n\n<figure class=\"wp-block-image size-large\"><img loading=\"lazy\" decoding=\"async\" width=\"1024\" height=\"1024\" data-id=\"233\" src=\"http:\/\/www.eveilceramique.fr\/wp-content\/uploads\/2024\/11\/PXL_20240615_101145655-1024x1024.jpg\" alt=\"\" class=\"wp-image-233\" srcset=\"http:\/\/www.eveilceramique.fr\/wp-content\/uploads\/2024\/11\/PXL_20240615_101145655-1024x1024.jpg 1024w, http:\/\/www.eveilceramique.fr\/wp-content\/uploads\/2024\/11\/PXL_20240615_101145655-300x300.jpg 300w, http:\/\/www.eveilceramique.fr\/wp-content\/uploads\/2024\/11\/PXL_20240615_101145655-150x150.jpg 150w, http:\/\/www.eveilceramique.fr\/wp-content\/uploads\/2024\/11\/PXL_20240615_101145655-768x768.jpg 768w, http:\/\/www.eveilceramique.fr\/wp-content\/uploads\/2024\/11\/PXL_20240615_101145655-1536x1536.jpg 1536w, http:\/\/www.eveilceramique.fr\/wp-content\/uploads\/2024\/11\/PXL_20240615_101145655-2048x2048.jpg 2048w, http:\/\/www.eveilceramique.fr\/wp-content\/uploads\/2024\/11\/PXL_20240615_101145655-1140x1140.jpg 1140w, http:\/\/www.eveilceramique.fr\/wp-content\/uploads\/2024\/11\/PXL_20240615_101145655-75x75.jpg 75w\" sizes=\"auto, (max-width: 1024px) 100vw, 1024px\" \/><\/figure>\n\n\n\n<figure class=\"wp-block-image size-large\"><img loading=\"lazy\" decoding=\"async\" width=\"1024\" height=\"1024\" data-id=\"215\" src=\"http:\/\/www.eveilceramique.fr\/wp-content\/uploads\/2024\/11\/PXL_20240615_145533154.PORTRAIT-1-1024x1024.jpg\" alt=\"\" class=\"wp-image-215\" srcset=\"http:\/\/www.eveilceramique.fr\/wp-content\/uploads\/2024\/11\/PXL_20240615_145533154.PORTRAIT-1-1024x1024.jpg 1024w, http:\/\/www.eveilceramique.fr\/wp-content\/uploads\/2024\/11\/PXL_20240615_145533154.PORTRAIT-1-300x300.jpg 300w, http:\/\/www.eveilceramique.fr\/wp-content\/uploads\/2024\/11\/PXL_20240615_145533154.PORTRAIT-1-150x150.jpg 150w, http:\/\/www.eveilceramique.fr\/wp-content\/uploads\/2024\/11\/PXL_20240615_145533154.PORTRAIT-1-768x768.jpg 768w, http:\/\/www.eveilceramique.fr\/wp-content\/uploads\/2024\/11\/PXL_20240615_145533154.PORTRAIT-1-1536x1536.jpg 1536w, http:\/\/www.eveilceramique.fr\/wp-content\/uploads\/2024\/11\/PXL_20240615_145533154.PORTRAIT-1-2048x2048.jpg 2048w, http:\/\/www.eveilceramique.fr\/wp-content\/uploads\/2024\/11\/PXL_20240615_145533154.PORTRAIT-1-1140x1140.jpg 1140w, http:\/\/www.eveilceramique.fr\/wp-content\/uploads\/2024\/11\/PXL_20240615_145533154.PORTRAIT-1-75x75.jpg 75w\" sizes=\"auto, (max-width: 1024px) 100vw, 1024px\" \/><\/figure>\n\n\n\n<figure class=\"wp-block-image size-large\"><img loading=\"lazy\" decoding=\"async\" width=\"1024\" height=\"1024\" data-id=\"217\" src=\"http:\/\/www.eveilceramique.fr\/wp-content\/uploads\/2024\/11\/PXL_20240616_125038504-1024x1024.jpg\" alt=\"\" class=\"wp-image-217\" srcset=\"http:\/\/www.eveilceramique.fr\/wp-content\/uploads\/2024\/11\/PXL_20240616_125038504-1024x1024.jpg 1024w, http:\/\/www.eveilceramique.fr\/wp-content\/uploads\/2024\/11\/PXL_20240616_125038504-300x300.jpg 300w, http:\/\/www.eveilceramique.fr\/wp-content\/uploads\/2024\/11\/PXL_20240616_125038504-150x150.jpg 150w, http:\/\/www.eveilceramique.fr\/wp-content\/uploads\/2024\/11\/PXL_20240616_125038504-768x768.jpg 768w, http:\/\/www.eveilceramique.fr\/wp-content\/uploads\/2024\/11\/PXL_20240616_125038504-1536x1536.jpg 1536w, http:\/\/www.eveilceramique.fr\/wp-content\/uploads\/2024\/11\/PXL_20240616_125038504-1140x1140.jpg 1140w, http:\/\/www.eveilceramique.fr\/wp-content\/uploads\/2024\/11\/PXL_20240616_125038504-75x75.jpg 75w, http:\/\/www.eveilceramique.fr\/wp-content\/uploads\/2024\/11\/PXL_20240616_125038504.jpg 1884w\" sizes=\"auto, (max-width: 1024px) 100vw, 1024px\" \/><\/figure>\n\n\n\n<figure class=\"wp-block-image size-large\"><img loading=\"lazy\" decoding=\"async\" width=\"1024\" height=\"1024\" data-id=\"218\" src=\"http:\/\/www.eveilceramique.fr\/wp-content\/uploads\/2024\/11\/P1190186-1024x1024.jpg\" alt=\"\" class=\"wp-image-218\" srcset=\"http:\/\/www.eveilceramique.fr\/wp-content\/uploads\/2024\/11\/P1190186-1024x1024.jpg 1024w, http:\/\/www.eveilceramique.fr\/wp-content\/uploads\/2024\/11\/P1190186-300x300.jpg 300w, http:\/\/www.eveilceramique.fr\/wp-content\/uploads\/2024\/11\/P1190186-150x150.jpg 150w, http:\/\/www.eveilceramique.fr\/wp-content\/uploads\/2024\/11\/P1190186-768x768.jpg 768w, http:\/\/www.eveilceramique.fr\/wp-content\/uploads\/2024\/11\/P1190186-1536x1536.jpg 1536w, http:\/\/www.eveilceramique.fr\/wp-content\/uploads\/2024\/11\/P1190186-2048x2048.jpg 2048w, http:\/\/www.eveilceramique.fr\/wp-content\/uploads\/2024\/11\/P1190186-1140x1140.jpg 1140w, http:\/\/www.eveilceramique.fr\/wp-content\/uploads\/2024\/11\/P1190186-75x75.jpg 75w\" sizes=\"auto, (max-width: 1024px) 100vw, 1024px\" \/><\/figure>\n\n\n\n<figure class=\"wp-block-image size-large\"><img loading=\"lazy\" decoding=\"async\" width=\"1024\" height=\"768\" data-id=\"188\" src=\"http:\/\/www.eveilceramique.fr\/wp-content\/uploads\/2024\/11\/P1190287-1024x768.jpg\" alt=\"\" class=\"wp-image-188\" srcset=\"http:\/\/www.eveilceramique.fr\/wp-content\/uploads\/2024\/11\/P1190287-1024x768.jpg 1024w, http:\/\/www.eveilceramique.fr\/wp-content\/uploads\/2024\/11\/P1190287-300x225.jpg 300w, http:\/\/www.eveilceramique.fr\/wp-content\/uploads\/2024\/11\/P1190287-768x576.jpg 768w, http:\/\/www.eveilceramique.fr\/wp-content\/uploads\/2024\/11\/P1190287-1536x1152.jpg 1536w, http:\/\/www.eveilceramique.fr\/wp-content\/uploads\/2024\/11\/P1190287-2048x1535.jpg 2048w\" sizes=\"auto, (max-width: 1024px) 100vw, 1024px\" \/><\/figure>\n<\/figure>\n\n\n\n<p><\/p>\n","protected":false},"excerpt":{"rendered":"<p>Historique &#8211; 2024 \/\/ \u2028 \u00c9veil C\u00e9ramique &#8211; 2\u00e8me \u00e9dition 15 &amp; 16 Juin 2024 L\u2019\u00e9dition 2024 s\u2019est achev\u00e9e il y a d\u00e9j\u00e0 plusieurs mois, mais avant de vous pr\u00e9senter les nouveaut\u00e9s de 2025, revenons sur les temps forts de cette belle ann\u00e9e ! Retour sur le march\u00e9Les 15 et 16 juin 2024, Corseul a accueilli la seconde \u00e9dition de son march\u00e9 de potiers, organis\u00e9e en partenariat avec l\u2019Arch\u00e9oMus\u00e9e Coriosolis et dans le cadre des Journ\u00e9es Europ\u00e9ennes de l\u2019Arch\u00e9ologie. Cet \u00e9v\u00e9nement a rassembl\u00e9 23 c\u00e9ramistes, venus partager leur savoir-faire dans cette commune charg\u00e9e d\u2019histoire.Malgr\u00e9 une m\u00e9t\u00e9o un peu incertaine, les visiteurs sont venus nombreux pour d\u00e9couvrir, \u00e9changer et s\u2019initier \u00e0 l\u2019univers de la c\u00e9ramique.Ce march\u00e9 a permis de mettre en lumi\u00e8re le talent des artisans et de c\u00e9l\u00e9brer le patrimoine de Corseul dans une ambiance conviviale et enrichissante. D\u00e9monstations de tournageLes animations gratuites ont \u00e9t\u00e9 l\u2019un des points forts de notre march\u00e9 !&nbsp;Tout au long du week-end, Sandra et Corentin ont partag\u00e9 leur savoir-faire en fa\u00e7onnant des pi\u00e8ces au tour, un art demandant pr\u00e9cision et ma\u00eetrise des gestes.Les visiteurs, fascin\u00e9s par la transformation de la terre sous leurs doigts, ont pu assister \u00e0 ces d\u00e9monstrations \u00e0 plusieurs reprises chaque jour, d\u00e9couvrant ainsi les secrets de cet art ancestral. \u0152uvre collectiveEn parall\u00e8le des d\u00e9monstatrions de tournage, Corentin a dirig\u00e9 la cr\u00e9ation d\u2019une \u0153uvre collective \u00e9ph\u00e9m\u00e8re : un cirque antique en terre cuite engob\u00e9e de 4 m\u00e8tres de large, surnomm\u00e9 \u00ab\u00a0Circus Maximus.\u00a0\u00bbDurant les deux journ\u00e9es, les visiteurs ont ajout\u00e9 des personnages et d\u00e9cors en argile, transformant l\u2019\u0153uvre au fil du week-end et remportant des lots en guise de remerciement pour leur contribution. Concours de modelageLe concours de modelage amateur anim\u00e9 par Sabine, qui s&rsquo;est d\u00e9roul\u00e9 \u00e0 l\u2019int\u00e9rieur de la salle des sports de Corseul, a invit\u00e9 les participants \u00e0 r\u00e9aliser en 4 heures une cr\u00e9ation en argile sur le th\u00e8me des Jeux Olympiques sous l&rsquo;Antiquit\u00e9.Les concurrents disposaient chacun de 5 kg d\u2019argile pour donner vie \u00e0 leur vision des jeux antiques.D\u00e9butants comme passionn\u00e9s ont eu l\u2019occasion de s\u2019amuser et de relever ce d\u00e9fi, et de nombreux prix ont r\u00e9compens\u00e9 leurs efforts cr\u00e9atifs.<\/p>\n","protected":false},"author":1,"featured_media":0,"parent":0,"menu_order":0,"comment_status":"closed","ping_status":"closed","template":"","meta":{"footnotes":""},"class_list":["post-23","page","type-page","status-publish","hentry"],"_links":{"self":[{"href":"http:\/\/www.eveilceramique.fr\/index.php\/wp-json\/wp\/v2\/pages\/23","targetHints":{"allow":["GET"]}}],"collection":[{"href":"http:\/\/www.eveilceramique.fr\/index.php\/wp-json\/wp\/v2\/pages"}],"about":[{"href":"http:\/\/www.eveilceramique.fr\/index.php\/wp-json\/wp\/v2\/types\/page"}],"author":[{"embeddable":true,"href":"http:\/\/www.eveilceramique.fr\/index.php\/wp-json\/wp\/v2\/users\/1"}],"replies":[{"embeddable":true,"href":"http:\/\/www.eveilceramique.fr\/index.php\/wp-json\/wp\/v2\/comments?post=23"}],"version-history":[{"count":20,"href":"http:\/\/www.eveilceramique.fr\/index.php\/wp-json\/wp\/v2\/pages\/23\/revisions"}],"predecessor-version":[{"id":519,"href":"http:\/\/www.eveilceramique.fr\/index.php\/wp-json\/wp\/v2\/pages\/23\/revisions\/519"}],"wp:attachment":[{"href":"http:\/\/www.eveilceramique.fr\/index.php\/wp-json\/wp\/v2\/media?parent=23"}],"curies":[{"name":"wp","href":"https:\/\/api.w.org\/{rel}","templated":true}]}}